{"id":3708,"date":"2023-02-19T12:21:27","date_gmt":"2023-02-19T17:21:27","guid":{"rendered":"https:\/\/hotelcaminodelasal.com\/?page_id=3708"},"modified":"2023-11-18T19:58:20","modified_gmt":"2023-11-19T00:58:20","slug":"politica-de-privacidad-y-proteccion-de-datos-2","status":"publish","type":"page","link":"https:\/\/hotelcaminodelasal.com\/en\/politica-de-privacidad-y-proteccion-de-datos-2\/","title":{"rendered":"Pol\u00edtica de privacidad y protecci\u00f3n de datos"},"content":{"rendered":"<style>.wp-block-kadence-advancedheading.kt-adv-heading3708_8bf8d5-e0, .wp-block-kadence-advancedheading.kt-adv-heading3708_8bf8d5-e0[data-kb-block=\"kb-adv-heading3708_8bf8d5-e0\"]{font-style:normal;}.wp-block-kadence-advancedheading.kt-adv-heading3708_8bf8d5-e0 mark.kt-highlight, .wp-block-kadence-advancedheading.kt-adv-heading3708_8bf8d5-e0[data-kb-block=\"kb-adv-heading3708_8bf8d5-e0\"] mark.kt-highlight{font-style:normal;color:#f76a0c;-webkit-box-decoration-break:clone;box-decoration-break:clone;padding-top:0px;padding-right:0px;padding-bottom:0px;padding-left:0px;}<\/style>\n<h2 class=\"kt-adv-heading3708_8bf8d5-e0 wp-block-kadence-advancedheading\" data-kb-block=\"kb-adv-heading3708_8bf8d5-e0\">Pol\u00edtica de privacidad y protecci\u00f3n de datos<\/h2>\n\n\n\n<p>De acuerdo con lo establecido en la Ley 1581 de 2012 y el decreto reglamentario 1377 de 2013, Hotel<br>Camino de la Sal, ha desarrollado las siguientes pol\u00edticas para el tratamiento de informaci\u00f3n y<br>protecci\u00f3n de datos que son recolectados a trav\u00e9s de canales de comunicaci\u00f3n; ya sean digitales o<br>impresos, los cuales conforman nuestras bases de datos de clientes, proveedores, empleados,<br>contratistas y dem\u00e1s titulares de informaci\u00f3n.<br>Si usted se encuentra registrado en alguna de nuestras bases de datos, es porque ha tenido o tiene<br>alguna relaci\u00f3n con Hotel Camino de la Sal y porque ha entregado su informaci\u00f3n de manera<br>voluntaria.<br>Respecto a la obtenci\u00f3n y recolecci\u00f3n de datos personales, el usuario (en adelante el Titular de la<br>Informaci\u00f3n o el usuario) manifiesta aceptar y conocer que el uso, procesamiento y tratamiento de<br>estos por parte de Hotel Camino de la Sal, estar\u00e1n guiados por los principios de legalidad, libertad,<br>transparencia, veracidad, confidencialidad, seguridad y adicionalmente acepta y conoce los siguientes<br>numerales: <\/p>\n\n\n\n<ol class=\"wp-block-list\">\n<li>El usuario es libre de suministrar la informaci\u00f3n y acepta estos t\u00e9rminos.<\/li>\n\n\n\n<li>La informaci\u00f3n ser\u00e1 tratada de manera confidencial y para uso exclusivo del envi\u00f3 de<br>informaci\u00f3n, promociones y servicios de Hotel Camino de la Sal.<\/li>\n\n\n\n<li>Con la entrega de la informaci\u00f3n, el usuario autoriza a Hotel Camino de la Sal para contactarlo<br>telef\u00f3nicamente, por correo electr\u00f3nico o por cualquier otro medio, para el env\u00edo de<br>informaci\u00f3n comercial, servicios o la que se considere importante para el usuario.<\/li>\n\n\n\n<li>La informaci\u00f3n suministrada por el usuario, podr\u00e1 ser almacenada y procesada \u00fanicamente<br>para actividades relacionadas con el desarrollo de la actividad econ\u00f3mica de Hotel Camino de<br>la Sal.<\/li>\n\n\n\n<li>El usuario podr\u00e1 ejercer en cualquier momento los derechos que le otorga el art\u00edculo 8 de la<br>ley 1581 del 2012; no obstante, los datos deber\u00e1n ser conservados cuando as\u00ed se requieran<br>para el cumplimiento de obligaciones contractuales o legales de conformidad con la ley<br>mencionada en este mismo p\u00e1rrafo.<\/li>\n\n\n\n<li>Durante el tratamiento de la informaci\u00f3n suministrada por el titular, Hotel Camino de la Sal<br>cumple con lo establecido con la ley 1581 del 2012, sus decretos reglamentarios y dem\u00e1s<br>normas.<\/li>\n\n\n\n<li>La informaci\u00f3n personal no ser\u00e1 revelada a ning\u00fan tercero excepto en los casos, que sea<br>exigido por alguna ley, decreto o motivo; con el fin de cumplir obligaciones de este contrato<br>de acuerdo com\u00fan.<\/li>\n\n\n\n<li>Hotel Camino de la Sal ha adoptado niveles de seguridad de protecci\u00f3n de datos f\u00edsicos y<br>t\u00e9cnicos necesarios para evitar la p\u00e9rdida, adulteraci\u00f3n o acceso no autorizado de los datos.<\/li>\n\n\n\n<li>Hotel Camino de la Sal no se responsabiliza por cualquier consecuencia derivada del ingreso indebido de terceros o por fallas t\u00e9cnicas en el funcionamiento de las bases de datos. As\u00edmismo, no es responsable por los datos err\u00f3neos que puedan tener los contenidos.<\/li>\n<\/ol>\n\n\n\n<p class=\"has-text-align-center\"><strong>DERECHOS DE LOS TITULARES.<\/strong><\/p>\n\n\n\n<p class=\"has-text-align-left\"><strong><br><\/strong>Los titulares de datos personales podr\u00e1n ejercer los siguientes derechos, respecto a la informaci\u00f3n<br>recolectada por Hotel Camino de la Sal:<\/p>\n\n\n\n<ol class=\"wp-block-list\">\n<li>Derecho de acceso, en virtud del cual podr\u00e1 acceder a los datos que est\u00e9n bajo el control de<br>Hotel Camino de la Sal para consultarlos de manera gratuita, al menos una vez cada mes<br>calendario y\/o cada vez que existan modificaciones sustanciales de las pol\u00edticas de tratamiento<br>de la informaci\u00f3n que motiven nuevas consultas. Si estas solicitudes son mayores a una por<br>cada mes calendario, Hotel Camino de la Sal podr\u00e1 cobrar al titular los gastos de env\u00edo,<br>reproducci\u00f3n y\/o certificaci\u00f3n de documentos.<\/li>\n\n\n\n<li>Derecho de actualizaci\u00f3n y rectificaci\u00f3n: el titular, podr\u00e1 solicitar la actualizaci\u00f3n y\/o<br>rectificaci\u00f3n de los datos personales, de tal manera que se satisfagan los prop\u00f3sitos del<br>tratamiento.<\/li>\n\n\n\n<li>El titular podr\u00e1 solicitar la eliminaci\u00f3n de sus datos personales, o revocar la autorizaci\u00f3n del<br>tratamiento de los datos. La revocatoria y\/o supresi\u00f3n se realizar\u00e1 cuando la Superintendencia<br>de Industria y Comercio haya determinado que en el tratamiento se incurri\u00f3 en conductas<br>contrarias a esta ley y a la Constituci\u00f3n.<\/li>\n\n\n\n<li>Derecho a solicitar pruebas de la autorizaci\u00f3n, salvo los eventos en los cuales se except\u00faen<br>como requisito para el tratamiento conforme a lo previsto en el art\u00edculo 10 de la ley 1581 del<br>2012.<\/li>\n\n\n\n<li>Derecho a ser informado respecto al uso del dato personal.<\/li>\n\n\n\n<li>Presentar ante la Superintendencia de Industria y Comercio quejas por infracciones a lo<br>dispuesto en la ley.<\/li>\n\n\n\n<li>Hotel Camino de la Sal ha puesto a disposici\u00f3n el siguiente procedimiento y canal de atenci\u00f3n,<br>para que usted pueda ejercer sus derechos en cualquier momento y sin costo alguno:\n<ul class=\"wp-block-list\">\n<li>a. El \u00e1rea encargada de canalizar las solicitudes en materia de protecci\u00f3n de datos es el<br>\u00e1rea de Servicio al Cliente, la cual se encargar\u00e1 de dar atenci\u00f3n a los usuarios y\/o<br>titulares de la informaci\u00f3n a trav\u00e9s de la l\u00ednea +57 301 370 2227.<\/li>\n\n\n\n<li>b. El correo de contacto es reservas@hotelcaminodelasal.com. <\/li>\n\n\n\n<li>c. Remitir una comunicaci\u00f3n a la Carrera 4 # 5-03 en la ciudad de Zipaquir\u00e1, con los documentos que considere que soportan su petici\u00f3n.<\/li>\n<\/ul>\n<\/li>\n<\/ol>\n\n\n\n<p class=\"has-text-align-center\"><strong>USO DE LA INFORMACI\u00d3N<br><\/strong><\/p>\n\n\n\n<p class=\"has-text-align-left\">Hotel Camino de la Sal hace uso de la informaci\u00f3n en los siguientes casos:<\/p>\n\n\n\n<p>Cuando se realiza, actualiza o procesa una reserva en Hotel Camino de la Sal.<\/p>\n\n\n\n<p>Para ayudarnos a mejorar o a desarrollar nuestros servicios.<\/p>\n\n\n\n<p>Para responder cualquier consulta o solicitud sobre alojamientos, eventos y dem\u00e1s servicios.<br>Esta lista no es restrictiva y se le pueden a\u00f1adir m\u00e1s usos; los cuales se informar\u00e1n.<\/p>\n\n\n\n<p><\/p>\n\n\n\n<p class=\"has-text-align-center\"><strong>DIFUSI\u00d3N Y\/O DISTRIBUCI\u00d3N DE LA INFORMACI\u00d3N<\/strong><\/p>\n\n\n\n<p class=\"has-text-align-left\"><strong><br><\/strong>La informaci\u00f3n que poseemos de los titulares o usuarios no se entregaran a ning\u00fan tercero, excepto<br>en los casos cuyo fin sea cumplir alguna ley.<br>Se podr\u00eda utilizar empresas de terceros para administrar la recopilaci\u00f3n, almacenamiento y<br>procesamiento de la informaci\u00f3n personal. Estas empresas se seleccionar\u00edan y filtrar\u00edan para asegurar<br>la privacidad y seguridad m\u00e1xima y tendr\u00edan la autorizaci\u00f3n para utilizar la informaci\u00f3n \u00fanicamente<br>de acuerdo con nuestras instrucciones.<br>Nuestra pol\u00edtica de privacidad se utiliza a menudo para asegurar un excelente manejo de su<br>informaci\u00f3n; as\u00ed mismo le notificaremos los cambios que se realicen.<br>Esta pol\u00edtica se actualiz\u00f3 por \u00faltima vez el 31 de octubre de 2016.<\/p>","protected":false},"excerpt":{"rendered":"<p>Pol\u00edtica de privacidad y protecci\u00f3n de datos De acuerdo con lo establecido en la Ley 1581 de 2012 y el decreto reglamentario 1377 de 2013, HotelCamino de la Sal, ha desarrollado las siguientes pol\u00edticas para el tratamiento de informaci\u00f3n yprotecci\u00f3n de datos que son recolectados a trav\u00e9s de canales de comunicaci\u00f3n; ya sean digitales oimpresos,&#8230;<\/p>","protected":false},"author":3,"featured_media":0,"parent":0,"menu_order":0,"comment_status":"closed","ping_status":"closed","template":"","meta":{"_kad_blocks_custom_css":"","_kad_blocks_head_custom_js":"","_kad_blocks_body_custom_js":"","_kad_blocks_footer_custom_js":"","_kadence_starter_templates_imported_post":false,"_kad_post_transparent":"","_kad_post_title":"hide","_kad_post_layout":"narrow","_kad_post_sidebar_id":"","_kad_post_content_style":"","_kad_post_vertical_padding":"","_kad_post_feature":"","_kad_post_feature_position":"","_kad_post_header":false,"_kad_post_footer":false,"_joinchat":[],"footnotes":""},"class_list":["post-3708","page","type-page","status-publish","hentry"],"taxonomy_info":[],"featured_image_src_large":false,"author_info":{"display_name":"luis cuevas","author_link":"https:\/\/hotelcaminodelasal.com\/en\/author\/luis\/"},"comment_info":0,"_links":{"self":[{"href":"https:\/\/hotelcaminodelasal.com\/en\/wp-json\/wp\/v2\/pages\/3708","targetHints":{"allow":["GET"]}}],"collection":[{"href":"https:\/\/hotelcaminodelasal.com\/en\/wp-json\/wp\/v2\/pages"}],"about":[{"href":"https:\/\/hotelcaminodelasal.com\/en\/wp-json\/wp\/v2\/types\/page"}],"author":[{"embeddable":true,"href":"https:\/\/hotelcaminodelasal.com\/en\/wp-json\/wp\/v2\/users\/3"}],"replies":[{"embeddable":true,"href":"https:\/\/hotelcaminodelasal.com\/en\/wp-json\/wp\/v2\/comments?post=3708"}],"version-history":[{"count":6,"href":"https:\/\/hotelcaminodelasal.com\/en\/wp-json\/wp\/v2\/pages\/3708\/revisions"}],"predecessor-version":[{"id":4307,"href":"https:\/\/hotelcaminodelasal.com\/en\/wp-json\/wp\/v2\/pages\/3708\/revisions\/4307"}],"wp:attachment":[{"href":"https:\/\/hotelcaminodelasal.com\/en\/wp-json\/wp\/v2\/media?parent=3708"}],"curies":[{"name":"wp","href":"https:\/\/api.w.org\/{rel}","templated":true}]}}