{"id":3309,"date":"2023-01-21T20:05:03","date_gmt":"2023-01-21T20:05:03","guid":{"rendered":"https:\/\/hotelcaminodelasal.com\/?page_id=3309"},"modified":"2023-10-24T23:20:47","modified_gmt":"2023-10-25T04:20:47","slug":"como-llegar-a-zipaquira","status":"publish","type":"page","link":"https:\/\/hotelcaminodelasal.com\/en\/como-llegar-a-zipaquira\/","title":{"rendered":"How to get to Zipaquir\u00e1"},"content":{"rendered":"<style>.kb-row-layout-id3309_e1f284-73 > .kt-row-column-wrap{align-content:start;}:where(.kb-row-layout-id3309_e1f284-73 > .kt-row-column-wrap) > .wp-block-kadence-column{justify-content:start;}.kb-row-layout-id3309_e1f284-73 > .kt-row-column-wrap{column-gap:var(--global-kb-gap-md, 2rem);row-gap:var(--global-kb-gap-md, 2rem);padding-top:100px;padding-bottom:100px;grid-template-columns:minmax(0, 1fr);}.kb-row-layout-id3309_e1f284-73 > .kt-row-layout-overlay{opacity:0.70;}@media all and (max-width: 1024px){.kb-row-layout-id3309_e1f284-73 > .kt-row-column-wrap{grid-template-columns:minmax(0, 1fr);}}@media all and (max-width: 767px){.kb-row-layout-id3309_e1f284-73 > .kt-row-column-wrap{padding-top:var(--global-kb-spacing-lg, 3rem);padding-bottom:var(--global-kb-spacing-lg, 3rem);grid-template-columns:minmax(0, 1fr);}}<\/style><div class=\"kb-row-layout-wrap kb-row-layout-id3309_e1f284-73 alignnone has-theme-palette2-background-color kt-row-has-bg wp-block-kadence-rowlayout\"><div class=\"kt-row-column-wrap kt-has-1-columns kt-row-layout-equal kt-tab-layout-inherit kt-mobile-layout-row kt-row-valign-top\">\n<style>.kadence-column3309_296c49-4b > .kt-inside-inner-col,.kadence-column3309_296c49-4b > .kt-inside-inner-col:before{border-top-left-radius:0px;border-top-right-radius:0px;border-bottom-right-radius:0px;border-bottom-left-radius:0px;}.kadence-column3309_296c49-4b > .kt-inside-inner-col{column-gap:var(--global-kb-gap-sm, 1rem);}.kadence-column3309_296c49-4b > .kt-inside-inner-col{flex-direction:column;}.kadence-column3309_296c49-4b > .kt-inside-inner-col > .aligncenter{width:100%;}.kadence-column3309_296c49-4b > .kt-inside-inner-col:before{opacity:0.3;}.kadence-column3309_296c49-4b{position:relative;}@media all and (max-width: 1024px){.kadence-column3309_296c49-4b > .kt-inside-inner-col{flex-direction:column;justify-content:center;}}@media all and (max-width: 767px){.kadence-column3309_296c49-4b > .kt-inside-inner-col{flex-direction:column;justify-content:center;}}<\/style>\n<div class=\"wp-block-kadence-column kadence-column3309_296c49-4b inner-column-1\"><div class=\"kt-inside-inner-col\"><style>.wp-block-kadence-advancedheading.kt-adv-heading3309_32015b-62, .wp-block-kadence-advancedheading.kt-adv-heading3309_32015b-62[data-kb-block=\"kb-adv-heading3309_32015b-62\"]{text-align:center;font-size:2em;font-weight:300;font-style:normal;font-family:Rokkitt;}.wp-block-kadence-advancedheading.kt-adv-heading3309_32015b-62 mark.kt-highlight, .wp-block-kadence-advancedheading.kt-adv-heading3309_32015b-62[data-kb-block=\"kb-adv-heading3309_32015b-62\"] mark.kt-highlight{font-style:normal;color:#f76a0c;-webkit-box-decoration-break:clone;box-decoration-break:clone;padding-top:0px;padding-right:0px;padding-bottom:0px;padding-left:0px;}<\/style>\n<h1 class=\"kt-adv-heading3309_32015b-62 wp-block-kadence-advancedheading has-theme-palette-9-color has-text-color\" data-kb-block=\"kb-adv-heading3309_32015b-62\">\u00bfC\u00f3mo llegar a Zipaquir\u00e1?<\/h1>\n<\/div><\/div>\n\n<\/div><\/div>\n\n<style>.kb-row-layout-wrap.wp-block-kadence-rowlayout.kb-row-layout-id3309_9ffda9-e8{margin-top:50px;}.kb-row-layout-id3309_9ffda9-e8 > .kt-row-column-wrap{align-content:start;}:where(.kb-row-layout-id3309_9ffda9-e8 > .kt-row-column-wrap) > .wp-block-kadence-column{justify-content:start;}.kb-row-layout-id3309_9ffda9-e8 > .kt-row-column-wrap{column-gap:var(--global-kb-gap-md, 2rem);row-gap:var(--global-kb-gap-md, 2rem);max-width:80%;margin-left:auto;margin-right:auto;padding-top:var(--global-kb-spacing-sm, 1.5rem);padding-bottom:var(--global-kb-spacing-sm, 1.5rem);grid-template-columns:repeat(2, minmax(0, 1fr));}.kb-row-layout-id3309_9ffda9-e8 > .kt-row-layout-overlay{opacity:0.30;}@media all and (max-width: 1024px){.kb-row-layout-id3309_9ffda9-e8 > .kt-row-column-wrap{grid-template-columns:repeat(2, minmax(0, 1fr));}}@media all and (max-width: 767px){.kb-row-layout-id3309_9ffda9-e8 > .kt-row-column-wrap{grid-template-columns:minmax(0, 1fr);}}<\/style><div class=\"kb-row-layout-wrap kb-row-layout-id3309_9ffda9-e8 alignnone wp-block-kadence-rowlayout\"><div class=\"kt-row-column-wrap kt-has-2-columns kt-row-layout-equal kt-tab-layout-inherit kt-mobile-layout-row kt-row-valign-top\">\n<style>.kadence-column3309_e130e3-57 > .kt-inside-inner-col,.kadence-column3309_e130e3-57 > .kt-inside-inner-col:before{border-top-left-radius:0px;border-top-right-radius:0px;border-bottom-right-radius:0px;border-bottom-left-radius:0px;}.kadence-column3309_e130e3-57 > .kt-inside-inner-col{column-gap:var(--global-kb-gap-sm, 1rem);}.kadence-column3309_e130e3-57 > .kt-inside-inner-col{flex-direction:column;}.kadence-column3309_e130e3-57 > .kt-inside-inner-col > .aligncenter{width:100%;}.kadence-column3309_e130e3-57 > .kt-inside-inner-col:before{opacity:0.3;}.kadence-column3309_e130e3-57{position:relative;}@media all and (max-width: 1024px){.kadence-column3309_e130e3-57 > .kt-inside-inner-col{flex-direction:column;justify-content:center;}}@media all and (max-width: 767px){.kadence-column3309_e130e3-57 > .kt-inside-inner-col{flex-direction:column;justify-content:center;}}<\/style>\n<div class=\"wp-block-kadence-column kadence-column3309_e130e3-57 inner-column-1\"><div class=\"kt-inside-inner-col\">\n<p>The proximity to Bogot\u00e1 and the strategic position of our city makes it possible to enter very easily, since our road infrastructure has had an excellent development that guarantees an agile and safe movement.<\/p>\n\n\n\n<p>From Bogot\u00e1 take the north highway or the 7th race to the north, then you will pass by Caro, Centro Ch\u00eda, Cajic\u00e1 and then in 12 minutes you will reach Zipaquir\u00e1.<br>If you are going to use public transport, you must get to the Portal del Norte station of the transmilenio system; here the buses to Zipaquir\u00e1 leave every three minutes.<br>If you arrive at the airport, you can take a taxi to the Salitre terminal; it\u2019s about ten minutes. In this place the buses leave for Zipaquir\u00e1.<br>If its origin is the Coffee Axis, the best route is to go through Melgar or Girardot bound for the Municipality of Mosquera to avoid traffic in Bogot\u00e1; then it will pass through Funza, Siberia, Cota, Ch\u00eda, Cajic\u00e1 and Zipaquir\u00e1.<br>If its origin is Medell\u00edn, or the North Coast of Colombia, the most optimal route will be to go through the municipality of La Vega, then take the Medell\u00edn or Calle 80 highway; after this Siberia, Cota, Ch\u00eda, Cajic\u00e1 and Zipaquir\u00e1. Another alternative that will avoid a good period of time is to take via La Vega, El Rosal, Subachoque, Tabio, Cajic\u00e1 and Zipaquir\u00e1; It should be noted that this last route has no tolls and is quite fast.<br>If your origin is Santander you must enter through Bucaramanga, Barbosa, Puente Nacional, Chiquinquir\u00e1, Ubat\u00e9 and Zipaquir\u00e1.<br>If its origin is Boyac\u00e1, the best route is Tunja, Villapinz\u00f3n, Choconta, Gachancip\u00e1, Tocancip\u00e1 and Zipaquir\u00e1<\/p>\n<\/div><\/div>\n\n\n<style>.kadence-column3309_7c3e08-60 > .kt-inside-inner-col,.kadence-column3309_7c3e08-60 > .kt-inside-inner-col:before{border-top-left-radius:0px;border-top-right-radius:0px;border-bottom-right-radius:0px;border-bottom-left-radius:0px;}.kadence-column3309_7c3e08-60 > .kt-inside-inner-col{column-gap:var(--global-kb-gap-sm, 1rem);}.kadence-column3309_7c3e08-60 > .kt-inside-inner-col{flex-direction:column;}.kadence-column3309_7c3e08-60 > .kt-inside-inner-col > .aligncenter{width:100%;}.kadence-column3309_7c3e08-60 > .kt-inside-inner-col:before{opacity:0.3;}.kadence-column3309_7c3e08-60{position:relative;}@media all and (max-width: 1024px){.kadence-column3309_7c3e08-60 > .kt-inside-inner-col{flex-direction:column;justify-content:center;}}@media all and (max-width: 767px){.kadence-column3309_7c3e08-60 > .kt-inside-inner-col{flex-direction:column;justify-content:center;}}<\/style>\n<div class=\"wp-block-kadence-column kadence-column3309_7c3e08-60 inner-column-2\"><div class=\"kt-inside-inner-col\"><style>.kb-google-maps-container3309_3290d1-0d{height:450px;}<\/style><div class=\"kb-google-maps-container kb-google-maps-container3309_3290d1-0d  wp-block-kadence-googlemaps\" data-mapid=\"3309_3290d10d\"><iframe width=\"100%\" height=\"100%\"\n\t\t\t\t\t\t\tstyle=\"border:0\" loading=\"lazy\"\n\t\t\t\t\t\t\tsrc=\"https:\/\/www.google.com\/maps\/embed\/v1\/place?key=AIzaSyBAM2o7PiQqwk15LC1XRH2e_KJ-jUa7KYk&#038;zoom=11&#038;maptype=roadmap&#038;q=Carrera+4+N%C2%BA+5+-+03+Centro%2C+Zipaquir%C3%A1\"\n\t\t\t\t\t\t\ttitle=\"Google map of Carrera 4 N\u00ba 5 - 03 Centro, Zipaquir\u00e1\"><\/iframe><\/div><script>function kb_google_map3309_3290d10d() { let center = { lat: 37.8201, lng: -122.4781}; let map = new google.maps.Map(document.getElementById(\"kb-google-map3309_3290d10d\"), {\n\t\t\t\t\t    zoom: 11,\n\t\t\t\t\t    center: center,});let marker = new google.maps.Marker({   position: { lat: 37.8201, lng: -122.4781},    map: map,  });}<\/script><\/div><\/div>\n\n<\/div><\/div>","protected":false},"excerpt":{"rendered":"<p>\u00bfC\u00f3mo llegar a Zipaquir\u00e1? La cercan\u00eda con Bogot\u00e1 y la posici\u00f3n estrat\u00e9gica de nuestra ciudad hace posible el ingreso con mucha facilidad, ya que nuestra infraestructura vial ha tenido un excelente desarrollo que garantiza un \u00e1gil y seguro desplazamiento. Desde Bogot\u00e1 tome la autopista norte o la carrera 7\u00aa hacia el norte, luego pasar\u00e1 por&#8230;<\/p>","protected":false},"author":3,"featured_media":0,"parent":0,"menu_order":0,"comment_status":"closed","ping_status":"closed","template":"","meta":{"_kad_blocks_custom_css":"","_kad_blocks_head_custom_js":"","_kad_blocks_body_custom_js":"","_kad_blocks_footer_custom_js":"","_kadence_starter_templates_imported_post":false,"_kad_post_transparent":"","_kad_post_title":"hide","_kad_post_layout":"fullwidth","_kad_post_sidebar_id":"","_kad_post_content_style":"unboxed","_kad_post_vertical_padding":"","_kad_post_feature":"","_kad_post_feature_position":"","_kad_post_header":false,"_kad_post_footer":false,"_joinchat":[],"footnotes":""},"class_list":["post-3309","page","type-page","status-publish","hentry"],"taxonomy_info":[],"featured_image_src_large":false,"author_info":{"display_name":"luis cuevas","author_link":"https:\/\/hotelcaminodelasal.com\/en\/author\/luis\/"},"comment_info":0,"_links":{"self":[{"href":"https:\/\/hotelcaminodelasal.com\/en\/wp-json\/wp\/v2\/pages\/3309","targetHints":{"allow":["GET"]}}],"collection":[{"href":"https:\/\/hotelcaminodelasal.com\/en\/wp-json\/wp\/v2\/pages"}],"about":[{"href":"https:\/\/hotelcaminodelasal.com\/en\/wp-json\/wp\/v2\/types\/page"}],"author":[{"embeddable":true,"href":"https:\/\/hotelcaminodelasal.com\/en\/wp-json\/wp\/v2\/users\/3"}],"replies":[{"embeddable":true,"href":"https:\/\/hotelcaminodelasal.com\/en\/wp-json\/wp\/v2\/comments?post=3309"}],"version-history":[{"count":11,"href":"https:\/\/hotelcaminodelasal.com\/en\/wp-json\/wp\/v2\/pages\/3309\/revisions"}],"predecessor-version":[{"id":4143,"href":"https:\/\/hotelcaminodelasal.com\/en\/wp-json\/wp\/v2\/pages\/3309\/revisions\/4143"}],"wp:attachment":[{"href":"https:\/\/hotelcaminodelasal.com\/en\/wp-json\/wp\/v2\/media?parent=3309"}],"curies":[{"name":"wp","href":"https:\/\/api.w.org\/{rel}","templated":true}]}}